{"id":1050,"date":"2019-01-08T01:19:07","date_gmt":"2019-01-08T01:19:07","guid":{"rendered":"http:\/\/imd2014.icom.cust.oxymium.net\/practical-info\/prensa\/"},"modified":"2019-01-08T01:21:49","modified_gmt":"2019-01-08T01:21:49","slug":"prensa","status":"publish","type":"page","link":"https:\/\/imd2014.mini.icom.museum\/es\/inf-practicas\/prensa\/","title":{"rendered":"Prensa"},"content":{"rendered":"<div id=\"RTE_CONTENT\"> <!--TYPO3SEARCH_begin--> \t<!--  CONTENT ELEMENT, uid:12047\/text [begin] --> \t\t<\/p>\n<div id=\"c12047\"> \t\t<!--  Text: [begin] --> \t\t\t<\/p>\n<p><b>Comunicado de prensa \u00a0<\/b> <\/p>\n<p><b>&#8211;<\/b> D\u00eda Internacional de los Museos por fin est\u00e1 aqu\u00ed!<b><br \/><\/b>&#8211;\u00a0<a href=\"http:\/\/imd2014.mini.icom.museum\/wp-content\/uploads\/sites\/51\/2019\/01\/130916_IMD2014_communique_de_presse_ESP.docx\" title=\"TEXT, 130916 IMD2014 communique de presse ESP, 130916_IMD2014_communique_de_presse_ESP.docx, 194 KB\">Inauguraci\u00f3n del D\u00eda International de los Museos 2014 &#8211; Comunicado de prensa<\/a> <\/p>\n<p>\u00a0<\/p>\n<p><b>Carpeta de prensa<\/b> <\/p>\n<p>\u00a0<\/p>\n<p>&#8211;\u00a0<a href=\"http:\/\/imd2014.mini.icom.museum\/wp-content\/uploads\/sites\/51\/2019\/01\/DIM_2014_Carpeta_de_prensa_ESP_02.pdf\" title=\"TEXT, DIM 2014 Carpeta de prensa ESP 02, DIM_2014_Carpeta_de_prensa_ESP_02.pdf, 1.3 MB\" target=\"_blank\">D\u00eda International de los Museos 2014 &#8211; Carpeta de prensa<\/a> <\/p>\n<p>\u00a0<\/p>\n<p>Si desea obtener id\u00edanformaci\u00f3n sobre el D\u00eda Internacional de los Museos y las actividades organizadas en los diferentes pa\u00edses, s\u00edrvase contactar <a href=\"mailto:icom.presse@icom.museum\" title=\"Abre una ventana para enviar un correo electr\u00f3nico\">el servicio de prensa del ICOM<\/a>. <\/p>\n<p>\u00a0<\/p>\n<p>\u00a0<\/p>\n<p> \t\t<!--  Text: [end] --> \t\t\t   \t<!--  \t\tBEGIN: Content of extension \"hpo_relatedlink\", plugin \"tx_hporelatedlink_pi1\"  \t--> \t<\/p>\n<div> \t\t \t<\/div>\n<p> \t \t<!-- END: Content of extension \"hpo_relatedlink\", plugin \"tx_hporelatedlink_pi1\" -->  \t<\/div>\n<p> \t<!--  CONTENT ELEMENT, uid:12047\/text [end] --> \t\t<!--TYPO3SEARCH_end--> <\/div>\n","protected":false},"excerpt":{"rendered":"<p>Comunicado de prensa \u00a0 &#8211; D\u00eda Internacional de los Museos por fin est\u00e1 aqu\u00ed!&#8211;\u00a0Inauguraci\u00f3n del D\u00eda International de los Museos 2014 &#8211; Comunicado de prensa \u00a0 Carpeta de prensa \u00a0 &#8211;\u00a0D\u00eda International de los Museos 2014 &#8211; Carpeta de prensa \u00a0 Si desea obtener id\u00edanformaci\u00f3n sobre el D\u00eda Internacional de los Museos y las actividades [&hellip;]<\/p>\n","protected":false},"author":1,"featured_media":0,"parent":132,"menu_order":2,"comment_status":"closed","ping_status":"closed","template":"","meta":{"footnotes":""},"yst_prominent_words":[],"acf":[],"_links":{"self":[{"href":"https:\/\/imd2014.mini.icom.museum\/es\/wp-json\/wp\/v2\/pages\/1050"}],"collection":[{"href":"https:\/\/imd2014.mini.icom.museum\/es\/wp-json\/wp\/v2\/pages"}],"about":[{"href":"https:\/\/imd2014.mini.icom.museum\/es\/wp-json\/wp\/v2\/types\/page"}],"author":[{"embeddable":true,"href":"https:\/\/imd2014.mini.icom.museum\/es\/wp-json\/wp\/v2\/users\/1"}],"replies":[{"embeddable":true,"href":"https:\/\/imd2014.mini.icom.museum\/es\/wp-json\/wp\/v2\/comments?post=1050"}],"version-history":[{"count":1,"href":"https:\/\/imd2014.mini.icom.museum\/es\/wp-json\/wp\/v2\/pages\/1050\/revisions"}],"predecessor-version":[{"id":1383,"href":"https:\/\/imd2014.mini.icom.museum\/es\/wp-json\/wp\/v2\/pages\/1050\/revisions\/1383"}],"up":[{"embeddable":true,"href":"https:\/\/imd2014.mini.icom.museum\/es\/wp-json\/wp\/v2\/pages\/132"}],"wp:attachment":[{"href":"https:\/\/imd2014.mini.icom.museum\/es\/wp-json\/wp\/v2\/media?parent=1050"}],"wp:term":[{"taxonomy":"yst_prominent_words","embeddable":true,"href":"https:\/\/imd2014.mini.icom.museum\/es\/wp-json\/wp\/v2\/yst_prominent_words?post=1050"}],"curies":[{"name":"wp","href":"https:\/\/api.w.org\/{rel}","templated":true}]}}