{"id":1065,"date":"2019-01-08T01:19:16","date_gmt":"2019-01-08T01:19:16","guid":{"rendered":"http:\/\/imd2014.icom.cust.oxymium.net\/partners\/la-noche-europea-de-los-museos\/"},"modified":"2019-01-08T01:21:48","modified_gmt":"2019-01-08T01:21:48","slug":"la-noche-europea-de-los-museos","status":"publish","type":"page","link":"https:\/\/imd2014.mini.icom.museum\/es\/patrocinadores\/la-noche-europea-de-los-museos\/","title":{"rendered":"La Noche Europea de los Museos"},"content":{"rendered":"<div id=\"RTE_CONTENT\"> <!--TYPO3SEARCH_begin--> \t<!--  CONTENT ELEMENT, uid:11897\/textpic [begin] --> \t\t<\/p>\n<div id=\"c11897\"> \t\t<!--  Image block: [begin] --> \t\t\t<\/p>\n<div>\n<div> \t\t<!--  Text: [begin] --> \t\t\t<\/p>\n<p>Desde 2011, el ICOM patrocina la Noche Europea de los Museos, que tiene lugar cada a\u00f1o el s\u00e1bado m\u00e1s cercano al D\u00eda Internacional de los Museos. En 2014, ambos eventos coincidir\u00e1n ya que la Noche Europea de los Museos tendr\u00e1 lugar en la noche del 17 al 18 de mayo. <\/p>\n<p>La Noche Europea de los Museos fue creada en 2005 por el Ministerio franc\u00e9s de Cultura y Comunicaci\u00f3n. Permite al p\u00fablico visitar los museos \u00a0participantes de noche y gratuitamente, posponiendo la hora de cierre hasta la una de la madrugada aproximadamente. Este a\u00f1o se celebrar\u00e1 la d\u00e9cima edici\u00f3n de la Noche Europea de los Museos. <\/p>\n<p>Al acoger al p\u00fablico por la noche, los museos le invitan a una visita de las colecciones diferente, m\u00e1s sensorial e ins\u00f3lita. Se ofrecen numerosas animaciones, y est\u00e1 presente un p\u00fablico diferente, m\u00e1s joven y familiar. Un gran n\u00famero de visitantes participan en este evento festivo. As\u00ed, el a\u00f1o pasado, dos millones de personas \u00a0acudieron a la Noche de los Museos en Francia. <\/p>\n<p>\u00a0<\/p>\n<p>La Noche Europea de los Museos est\u00e1 presente en internet y las redes sociales donde tiene cierta visibilidad: <\/p>\n<p>\u00a0<\/p>\n<p>Website: <a href=\"http:\/\/www.nuitdesmusees.culture.fr\/\" title=\"Site web nuits des mus\u00e9es\" target=\"_blank\">www.nuitdesmusees.culture.fr<\/a> \u00a0 <\/p>\n<p>\u00a0<\/p>\n<p>Facebook profile: <a href=\"https:\/\/www.facebook.com\/nuitdesmusees\" title=\"FB nuit des mus\u00e9es\" target=\"_blank\">www.facebook.com\/nuitdesmusees<\/a> \u00a0 <\/p>\n<p>\u00a0<\/p>\n<p>Twitter profile: <a href=\"https:\/\/twitter.com\/NuitdesMusees\" title=\"Twitter Nuit des mus\u00e9es\" target=\"_blank\">http:\/\/twitter.com\/nuitdesmusees<\/a> \u00a0 \u00a0 \u00a0 <\/p>\n<p>\u00a0<\/p>\n<p>Dailymotion channel: <a href=\"http:\/\/www.dailymotion.com\/Nuitdesmusees\" title=\"Daily motion Nuit des mus\u00e9es\" target=\"_blank\">www.dailymotion.com\/Nuitdesmusees<\/a>\u00a0 <\/p>\n<p>\u00a0<\/p>\n<p>Flickr page: <a href=\"http:\/\/www.flickr.com\/photos\/nuitdesmusees\" title=\"Flickr Nuit des mus\u00e9es\" target=\"_blank\">www.flickr.com\/photos\/nuitdesmusees<\/a>\u00a0 <\/p>\n<p>\u00a0<\/p>\n<p>\u00a0<\/p>\n<div><\/div>\n<div><\/div>\n<p> \t\t<!--  Text: [end] --> \t\t\t<\/div>\n<div><img decoding=\"async\" src=\"http:\/\/imd2014.mini.icom.museum\/wp-content\/uploads\/sites\/51\/2019\/01\/23727040b2.jpg\" alt=\"\"><\/div>\n<\/p><\/div>\n<div><!-- --><\/div>\n<p> \t\t<!--  Image block: [end] --> \t\t\t   \t<!--  \t\tBEGIN: Content of extension \"hpo_relatedlink\", plugin \"tx_hporelatedlink_pi1\"  \t--> \t<\/p>\n<div> \t\t \t<\/div>\n<p> \t \t<!-- END: Content of extension \"hpo_relatedlink\", plugin \"tx_hporelatedlink_pi1\" -->  \t<\/div>\n<p> \t<!--  CONTENT ELEMENT, uid:11897\/textpic [end] --> \t\t<!--TYPO3SEARCH_end--> <\/div>\n","protected":false},"excerpt":{"rendered":"<p>Desde 2011, el ICOM patrocina la Noche Europea de los Museos, que tiene lugar cada a\u00f1o el s\u00e1bado m\u00e1s cercano al D\u00eda Internacional de los Museos. En 2014, ambos eventos coincidir\u00e1n ya que la Noche Europea de los Museos tendr\u00e1 lugar en la noche del 17 al 18 de mayo. La Noche Europea de los [&hellip;]<\/p>\n","protected":false},"author":1,"featured_media":0,"parent":135,"menu_order":0,"comment_status":"closed","ping_status":"closed","template":"","meta":{"footnotes":""},"yst_prominent_words":[],"acf":[],"_links":{"self":[{"href":"https:\/\/imd2014.mini.icom.museum\/es\/wp-json\/wp\/v2\/pages\/1065"}],"collection":[{"href":"https:\/\/imd2014.mini.icom.museum\/es\/wp-json\/wp\/v2\/pages"}],"about":[{"href":"https:\/\/imd2014.mini.icom.museum\/es\/wp-json\/wp\/v2\/types\/page"}],"author":[{"embeddable":true,"href":"https:\/\/imd2014.mini.icom.museum\/es\/wp-json\/wp\/v2\/users\/1"}],"replies":[{"embeddable":true,"href":"https:\/\/imd2014.mini.icom.museum\/es\/wp-json\/wp\/v2\/comments?post=1065"}],"version-history":[{"count":1,"href":"https:\/\/imd2014.mini.icom.museum\/es\/wp-json\/wp\/v2\/pages\/1065\/revisions"}],"predecessor-version":[{"id":1381,"href":"https:\/\/imd2014.mini.icom.museum\/es\/wp-json\/wp\/v2\/pages\/1065\/revisions\/1381"}],"up":[{"embeddable":true,"href":"https:\/\/imd2014.mini.icom.museum\/es\/wp-json\/wp\/v2\/pages\/135"}],"wp:attachment":[{"href":"https:\/\/imd2014.mini.icom.museum\/es\/wp-json\/wp\/v2\/media?parent=1065"}],"wp:term":[{"taxonomy":"yst_prominent_words","embeddable":true,"href":"https:\/\/imd2014.mini.icom.museum\/es\/wp-json\/wp\/v2\/yst_prominent_words?post=1065"}],"curies":[{"name":"wp","href":"https:\/\/api.w.org\/{rel}","templated":true}]}}