{"id":150,"date":"2019-01-08T01:13:26","date_gmt":"2019-01-08T01:13:26","guid":{"rendered":"http:\/\/imd2014.icom.cust.oxymium.net\/imd-2014\/el-tema-2014\/"},"modified":"2019-01-08T01:21:50","modified_gmt":"2019-01-08T01:21:50","slug":"el-tema-2014","status":"publish","type":"page","link":"https:\/\/imd2014.mini.icom.museum\/es\/el-dim-2014\/el-tema-2014\/","title":{"rendered":"El tema 2014"},"content":{"rendered":"<div id=\"RTE_CONTENT\"> <!--TYPO3SEARCH_begin--> \t<!--  CONTENT ELEMENT, uid:11892\/textpic [begin] --> \t\t<\/p>\n<div id=\"c11892\"> \t\t<!--  Image block: [begin] --> \t\t\t<\/p>\n<div>\n<div><img decoding=\"async\" src=\"http:\/\/imd2014.mini.icom.museum\/wp-content\/uploads\/sites\/51\/2019\/01\/RTEmagicC_JIM-2014.jpg_11.jpg\" alt=\"\"><\/div>\n<div> \t\t<!--  Text: [begin] --> \t\t\t<\/p>\n<p>El Comit\u00e9 Consultivo del ICOM propone cada a\u00f1o un tema que los museos pueden utilizar para valorizar su posici\u00f3n en la sociedad. <\/p>\n<p>El tema propuesto para el a\u00f1o es<b> Los v\u00ednculos creados por las colecciones de los museos.<\/b> <\/p>\n<p>Este tema recuerda que los museos son instituciones vivas que permiten crear enlaces entre los visitantes, las generaciones y las culturas del mundo. <\/p>\n<p>Este tema tambi\u00e9n hace hincapi\u00e9 en las colaboraciones que existen entre los museos del mundo entero y su importancia para los intercambios culturales y el conocimiento de las culturas del mundo. <\/p>\n<p>\u00a0<\/p>\n<p><b>Para acompa\u00f1arles en la organizaci\u00f3n<\/b> de este acontecimiento y establecer un v\u00ednculo con el tema, se les propone cuatro\u00a0tem\u00e1ticas que pueden desarrollar en su programaci\u00f3n:<\/p>\n<ul>\n<li> <b>Concebir un recorrido de visita<\/b>. Este tema recuerda que una exposici\u00f3n es constituida por objetos museales: el museo interpreta los v\u00ednculos hist\u00f3ricos y cient\u00edficos que existen entre dichos objetos gracias a un recorrido de visita dise\u00f1ado para \u201ccontar una historia\u201d.\u00a0<\/li>\n<\/ul>\n<ul>\n<li> <b>Un v\u00ednculo intergeneracional<\/b>. Los museos mantienen y reavivan la relaci\u00f3n entre una comunidad y su historia. Representan espacios de di\u00e1logo entre generaciones.<\/li>\n<\/ul>\n<ul>\n<li> <b>Una presentaci\u00f3n moderna del patrimonio<\/b>. Los museos han sabido relevar r\u00e1pidamente las oportunidades de comunicaci\u00f3n y mediaci\u00f3n que permiten los nuevos medios y est\u00e1n muy lejos de la vieja imagen que pudieron tener.<\/li>\n<\/ul>\n<ul>\n<li> <b>Las colaboraciones entre instituciones museales u otras organizaci\u00f3<\/b>n. Compartir colecciones\u00a0y experiencias\u00a0entre museos permite aumentar la\u00a0comprensi\u00f3n\u00a0y valorizar los intercambios culturales. Asociaciones con otras estructuras, ya sean culturales o no, tambi\u00e9n pueden contribuir a la misi\u00f3n del museo.<\/li>\n<\/ul>\n<p>\u00a0<\/p>\n<p>\u00a0<\/p>\n<p>\u00a0<\/p>\n<p>\u00a0<\/p>\n<div><\/div>\n<div><\/div>\n<div><\/div>\n<div><\/div>\n<div><\/div>\n<p> \t\t<!--  Text: [end] --> \t\t\t<\/div>\n<\/p><\/div>\n<div><!-- --><\/div>\n<p> \t\t<!--  Image block: [end] --> \t\t\t   \t<!--  \t\tBEGIN: Content of extension \"hpo_relatedlink\", plugin \"tx_hporelatedlink_pi1\"  \t--> \t<\/p>\n<div> \t\t \t<\/div>\n<p> \t \t<!-- END: Content of extension \"hpo_relatedlink\", plugin \"tx_hporelatedlink_pi1\" -->  \t<\/div>\n<p> \t<!--  CONTENT ELEMENT, uid:11892\/textpic [end] --> \t\t<!--TYPO3SEARCH_end--> <\/div>\n","protected":false},"excerpt":{"rendered":"<p>El Comit\u00e9 Consultivo del ICOM propone cada a\u00f1o un tema que los museos pueden utilizar para valorizar su posici\u00f3n en la sociedad. El tema propuesto para el a\u00f1o es Los v\u00ednculos creados por las colecciones de los museos. Este tema recuerda que los museos son instituciones vivas que permiten crear enlaces entre los visitantes, las [&hellip;]<\/p>\n","protected":false},"author":1,"featured_media":0,"parent":126,"menu_order":0,"comment_status":"closed","ping_status":"closed","template":"","meta":{"footnotes":""},"yst_prominent_words":[],"acf":[],"_links":{"self":[{"href":"https:\/\/imd2014.mini.icom.museum\/es\/wp-json\/wp\/v2\/pages\/150"}],"collection":[{"href":"https:\/\/imd2014.mini.icom.museum\/es\/wp-json\/wp\/v2\/pages"}],"about":[{"href":"https:\/\/imd2014.mini.icom.museum\/es\/wp-json\/wp\/v2\/types\/page"}],"author":[{"embeddable":true,"href":"https:\/\/imd2014.mini.icom.museum\/es\/wp-json\/wp\/v2\/users\/1"}],"replies":[{"embeddable":true,"href":"https:\/\/imd2014.mini.icom.museum\/es\/wp-json\/wp\/v2\/comments?post=150"}],"version-history":[{"count":1,"href":"https:\/\/imd2014.mini.icom.museum\/es\/wp-json\/wp\/v2\/pages\/150\/revisions"}],"predecessor-version":[{"id":1387,"href":"https:\/\/imd2014.mini.icom.museum\/es\/wp-json\/wp\/v2\/pages\/150\/revisions\/1387"}],"up":[{"embeddable":true,"href":"https:\/\/imd2014.mini.icom.museum\/es\/wp-json\/wp\/v2\/pages\/126"}],"wp:attachment":[{"href":"https:\/\/imd2014.mini.icom.museum\/es\/wp-json\/wp\/v2\/media?parent=150"}],"wp:term":[{"taxonomy":"yst_prominent_words","embeddable":true,"href":"https:\/\/imd2014.mini.icom.museum\/es\/wp-json\/wp\/v2\/yst_prominent_words?post=150"}],"curies":[{"name":"wp","href":"https:\/\/api.w.org\/{rel}","templated":true}]}}