{"id":156,"date":"2019-01-08T01:13:34","date_gmt":"2019-01-08T01:13:34","guid":{"rendered":"http:\/\/imd2014.icom.cust.oxymium.net\/practical-info\/visitantes\/"},"modified":"2019-01-08T01:21:49","modified_gmt":"2019-01-08T01:21:49","slug":"visitantes","status":"publish","type":"page","link":"https:\/\/imd2014.mini.icom.museum\/es\/inf-practicas\/visitantes\/","title":{"rendered":"Visitantes"},"content":{"rendered":"<div id=\"RTE_CONTENT\"> <!--TYPO3SEARCH_begin--> \t<!--  CONTENT ELEMENT, uid:12053\/textpic [begin] --> \t\t<\/p>\n<div id=\"c12053\"> \t\t<!--  Image block: [begin] --> \t\t\t<\/p>\n<div> \t\t<!--  Text: [begin] --> \t\t\t<\/p>\n<p>Alrededor de 35 000 museos en 143 pa\u00edses del mundo organizan el D\u00eda Internacional de los Museos. Es muy probable que tambi\u00e9n se celebre \u00a0en su ciudad. <\/p>\n<p>\u00a0<\/p>\n<p> \t\t<!--  Text: [end] --> \t\t\t<\/div>\n<p> \t\t<!--  Image block: [end] --> \t\t\t   \t<!--  \t\tBEGIN: Content of extension \"hpo_relatedlink\", plugin \"tx_hporelatedlink_pi1\"  \t--> \t<\/p>\n<div> \t\t \t<\/div>\n<p> \t \t<!-- END: Content of extension \"hpo_relatedlink\", plugin \"tx_hporelatedlink_pi1\" -->  \t<\/div>\n<p> \t<!--  CONTENT ELEMENT, uid:12053\/textpic [end] --> \t\t \t<!--  CONTENT ELEMENT, uid:12771\/html [begin] --> \t\t<\/p>\n<div id=\"c12771\"> \t\t<!--  Raw HTML content: [begin] --> \t\t\t<iframe src=\"https:\/\/mapsengine.google.com\/map\/embed?mid=z7lWgA2YHKxo.k3zvmbAMoqzI\"><\/iframe> \t\t<!--  Raw HTML content: [end] --> \t\t\t<\/div>\n<p> \t<!--  CONTENT ELEMENT, uid:12771\/html [end] --> \t\t<!--TYPO3SEARCH_end--> <\/div>\n","protected":false},"excerpt":{"rendered":"<p>Alrededor de 35 000 museos en 143 pa\u00edses del mundo organizan el D\u00eda Internacional de los Museos. Es muy probable que tambi\u00e9n se celebre \u00a0en su ciudad. \u00a0<\/p>\n","protected":false},"author":1,"featured_media":0,"parent":132,"menu_order":0,"comment_status":"closed","ping_status":"closed","template":"","meta":{"footnotes":""},"yst_prominent_words":[],"acf":[],"_links":{"self":[{"href":"https:\/\/imd2014.mini.icom.museum\/es\/wp-json\/wp\/v2\/pages\/156"}],"collection":[{"href":"https:\/\/imd2014.mini.icom.museum\/es\/wp-json\/wp\/v2\/pages"}],"about":[{"href":"https:\/\/imd2014.mini.icom.museum\/es\/wp-json\/wp\/v2\/types\/page"}],"author":[{"embeddable":true,"href":"https:\/\/imd2014.mini.icom.museum\/es\/wp-json\/wp\/v2\/users\/1"}],"replies":[{"embeddable":true,"href":"https:\/\/imd2014.mini.icom.museum\/es\/wp-json\/wp\/v2\/comments?post=156"}],"version-history":[{"count":1,"href":"https:\/\/imd2014.mini.icom.museum\/es\/wp-json\/wp\/v2\/pages\/156\/revisions"}],"predecessor-version":[{"id":1385,"href":"https:\/\/imd2014.mini.icom.museum\/es\/wp-json\/wp\/v2\/pages\/156\/revisions\/1385"}],"up":[{"embeddable":true,"href":"https:\/\/imd2014.mini.icom.museum\/es\/wp-json\/wp\/v2\/pages\/132"}],"wp:attachment":[{"href":"https:\/\/imd2014.mini.icom.museum\/es\/wp-json\/wp\/v2\/media?parent=156"}],"wp:term":[{"taxonomy":"yst_prominent_words","embeddable":true,"href":"https:\/\/imd2014.mini.icom.museum\/es\/wp-json\/wp\/v2\/yst_prominent_words?post=156"}],"curies":[{"name":"wp","href":"https:\/\/api.w.org\/{rel}","templated":true}]}}