{"id":1049,"date":"2019-01-08T01:19:07","date_gmt":"2019-01-08T01:19:07","guid":{"rendered":"http:\/\/imd2014.icom.cust.oxymium.net\/practical-info\/presse\/"},"modified":"2019-01-08T01:21:41","modified_gmt":"2019-01-08T01:21:41","slug":"presse","status":"publish","type":"page","link":"https:\/\/imd2014.mini.icom.museum\/fr\/infos-pratiques\/presse\/","title":{"rendered":"Presse"},"content":{"rendered":"<div id=\"RTE_CONTENT\"> <!--TYPO3SEARCH_begin--> \t<!--  CONTENT ELEMENT, uid:12047\/text [begin] --> \t\t<\/p>\n<div id=\"c12047\"> \t\t<!--  Text: [begin] --> \t\t\t<\/p>\n<p><b>Communiqu\u00e9 de presse \u00a0<\/b> <\/p>\n<p>&#8211; La Journ\u00e9e internationale des mus\u00e9es enfin l\u00e0! <\/p>\n<p>&#8211;\u00a0<a href=\"http:\/\/imd2014.mini.icom.museum\/wp-content\/uploads\/sites\/51\/2019\/01\/130916_IMD_2014_communique_de_presse_FR_01.docx\" title=\"TEXT, 130916 IMD 2014 communique de presse FR 01, 130916_IMD_2014_communique_de_presse_FR_01.docx, 53 KB\">Lancement de la Journ\u00e9e internationale des mus\u00e9es 2014\u00a0&#8211; Communiqu\u00e9 de\u00a0presse<\/a> <\/p>\n<p><b>Dossier de presse\u00a0<\/b> <\/p>\n<p>&#8211;\u00a0<a href=\"http:\/\/imd2014.mini.icom.museum\/wp-content\/uploads\/sites\/51\/2019\/01\/JIM2014-DossierDePresse_FR.pdf\" title=\"TEXT, JIM2014-Dossier De Presse FR, JIM2014-DossierDePresse_FR.pdf, 1.2 MB\" target=\"_blank\">Journ\u00e9e Internationale des Mus\u00e9es 2014 &#8211; Dossier de presse<\/a> <\/p>\n<p>Si vous souhaitez obtenir des informations sur la Journ\u00e9e internationale des mus\u00e9es , vous pouvez contacter <a href=\"mailto:icom.presse@icom.museum\" title=\"Ouvre une fen\u00eatre pour la r\u00e9daction d'un mail\">le service de presse de l&#8217;ICOM<\/a>.<\/p>\n<p> \t\t<!--  Text: [end] --> \t\t\t   \t<!--  \t\tBEGIN: Content of extension \"hpo_relatedlink\", plugin \"tx_hporelatedlink_pi1\"  \t--> \t<\/p>\n<div> \t\t \t<\/div>\n<p> \t \t<!-- END: Content of extension \"hpo_relatedlink\", plugin \"tx_hporelatedlink_pi1\" -->  \t<\/div>\n<p> \t<!--  CONTENT ELEMENT, uid:12047\/text [end] --> \t\t<!--TYPO3SEARCH_end--> <\/div>\n","protected":false},"excerpt":{"rendered":"<p>Communiqu\u00e9 de presse \u00a0 &#8211; La Journ\u00e9e internationale des mus\u00e9es enfin l\u00e0! &#8211;\u00a0Lancement de la Journ\u00e9e internationale des mus\u00e9es 2014\u00a0&#8211; Communiqu\u00e9 de\u00a0presse Dossier de presse\u00a0 &#8211;\u00a0Journ\u00e9e Internationale des Mus\u00e9es 2014 &#8211; Dossier de presse Si vous souhaitez obtenir des informations sur la Journ\u00e9e internationale des mus\u00e9es , vous pouvez contacter le service de presse de [&hellip;]<\/p>\n","protected":false},"author":1,"featured_media":0,"parent":131,"menu_order":2,"comment_status":"closed","ping_status":"closed","template":"","meta":{"footnotes":""},"yst_prominent_words":[],"acf":[],"_links":{"self":[{"href":"https:\/\/imd2014.mini.icom.museum\/fr\/wp-json\/wp\/v2\/pages\/1049"}],"collection":[{"href":"https:\/\/imd2014.mini.icom.museum\/fr\/wp-json\/wp\/v2\/pages"}],"about":[{"href":"https:\/\/imd2014.mini.icom.museum\/fr\/wp-json\/wp\/v2\/types\/page"}],"author":[{"embeddable":true,"href":"https:\/\/imd2014.mini.icom.museum\/fr\/wp-json\/wp\/v2\/users\/1"}],"replies":[{"embeddable":true,"href":"https:\/\/imd2014.mini.icom.museum\/fr\/wp-json\/wp\/v2\/comments?post=1049"}],"version-history":[{"count":1,"href":"https:\/\/imd2014.mini.icom.museum\/fr\/wp-json\/wp\/v2\/pages\/1049\/revisions"}],"predecessor-version":[{"id":1354,"href":"https:\/\/imd2014.mini.icom.museum\/fr\/wp-json\/wp\/v2\/pages\/1049\/revisions\/1354"}],"up":[{"embeddable":true,"href":"https:\/\/imd2014.mini.icom.museum\/fr\/wp-json\/wp\/v2\/pages\/131"}],"wp:attachment":[{"href":"https:\/\/imd2014.mini.icom.museum\/fr\/wp-json\/wp\/v2\/media?parent=1049"}],"wp:term":[{"taxonomy":"yst_prominent_words","embeddable":true,"href":"https:\/\/imd2014.mini.icom.museum\/fr\/wp-json\/wp\/v2\/yst_prominent_words?post=1049"}],"curies":[{"name":"wp","href":"https:\/\/api.w.org\/{rel}","templated":true}]}}