{"id":1064,"date":"2019-01-08T01:19:16","date_gmt":"2019-01-08T01:19:16","guid":{"rendered":"http:\/\/imd2014.icom.cust.oxymium.net\/partners\/la-nuit-europeenne-des-musees\/"},"modified":"2019-01-08T01:21:40","modified_gmt":"2019-01-08T01:21:40","slug":"la-nuit-europeenne-des-musees","status":"publish","type":"page","link":"https:\/\/imd2014.mini.icom.museum\/fr\/partenaires\/la-nuit-europeenne-des-musees\/","title":{"rendered":"La Nuit europ\u00e9enne des mus\u00e9es"},"content":{"rendered":"<div id=\"RTE_CONTENT\"> <!--TYPO3SEARCH_begin--> \t<!--  CONTENT ELEMENT, uid:11897\/textpic [begin] --> \t\t<\/p>\n<div id=\"c11897\"> \t\t<!--  Image block: [begin] --> \t\t\t<\/p>\n<div>\n<div> \t\t<!--  Text: [begin] --> \t\t\t<\/p>\n<p>Depuis 2011, l&#8217;ICOM accorde son patronage \u00e0 la Nuit europ\u00e9enne des mus\u00e9es, qui a lieu, tous les ans, le samedi le plus proche de la Journ\u00e9e internationale des mus\u00e9es. Cette ann\u00e9e,\u00a0les deux \u00e9v\u00e8nements co\u00efncident, puisque la Nuit europ\u00e9enne des mus\u00e9es aura lieu en m\u00eame temps que la Journ\u00e9e internationale des mus\u00e9es, dans la nuit du 17 au 18 mai 2014. <\/p>\n<p>\u00a0<\/p>\n<p>La Nuit europ\u00e9enne des mus\u00e9es a \u00e9t\u00e9 cr\u00e9\u00e9e, en 2005, par le Minist\u00e8re fran\u00e7ais de la Culture et de la Communication. Elle permet aux visiteurs de visiter les mus\u00e9es participants, de nuit, gratuitement, en reculant la contrainte horaire de la fermeture, jusqu&#8217;\u00e0 une heure du matin environ. Cette ann\u00e9e sera c\u00e9l\u00e9br\u00e9 la dixi\u00e8me \u00e9dition de la Nuit europ\u00e9enne des mus\u00e9es. <\/p>\n<p>En accueillant le public la nuit, les mus\u00e9es ouvrent \u00e0 une autre visite de leurs collections, une approche plus sensorielle et insolite. De nombreuses animations sont propos\u00e9es. Un public diff\u00e9rent, plus jeune, familial est pr\u00e9sent. Le public participe massivement \u00e0 cet \u00e9v\u00e8nement festif. L&#8217;an dernier, deux millions de visiteurs ont fr\u00e9quent\u00e9 la Nuit des mus\u00e9es, en France. <\/p>\n<p>La Nuit europ\u00e9enne des mus\u00e9es est pr\u00e9sente sur internet et les r\u00e9seaux sociaux o\u00f9 elle a une certaine visibilit\u00e9 : <\/p>\n<p>\u00a0<\/p>\n<p>Website: <a href=\"http:\/\/www.nuitdesmusees.culture.fr\/\" title=\"Website Nuit des mus\u00e9es\" target=\"_blank\">www.nuitdesmusees.culture.fr<\/a> \u00a0 <\/p>\n<p>\u00a0<\/p>\n<p>Facebook profile: <a href=\"https:\/\/www.facebook.com\/nuitdesmusees\" title=\"FB Nuit des mus\u00e9es\" target=\"_blank\">www.facebook.com\/nuitdesmusees<\/a> \u00a0 <\/p>\n<p>\u00a0<\/p>\n<p>Twitter profile: <a href=\"https:\/\/twitter.com\/NuitdesMusees\" title=\"Twitter Nuit des mus\u00e9es\" target=\"_blank\">http:\/\/twitter.com\/nuitdesmusees<\/a> \u00a0 \u00a0 \u00a0 <\/p>\n<p>\u00a0<\/p>\n<p>Dailymotion channel: <a href=\"http:\/\/www.dailymotion.com\/Nuitdesmusees#video=ximztm\" title=\"Daily motion Nuit des mus\u00e9es\" target=\"_blank\">www.dailymotion.com\/Nuitdesmusees<\/a>\u00a0 <\/p>\n<p>\u00a0<\/p>\n<p>Flickr page: <a href=\"http:\/\/www.flickr.com\/photos\/nuitdesmusees\" title=\"Flickr Nuit des mus\u00e9es\" target=\"_blank\">www.flickr.com\/photos\/nuitdesmusees<\/a> <\/p>\n<p>\u00a0<\/p>\n<p>\u00a0<\/p>\n<div><\/div>\n<div><\/div>\n<p> \t\t<!--  Text: [end] --> \t\t\t<\/div>\n<div><img decoding=\"async\" src=\"http:\/\/imd2014.mini.icom.museum\/wp-content\/uploads\/sites\/51\/2019\/01\/4b1bbc58b6.jpg\" alt=\"\"><\/div>\n<\/p><\/div>\n<div><!-- --><\/div>\n<p> \t\t<!--  Image block: [end] --> \t\t\t   \t<!--  \t\tBEGIN: Content of extension \"hpo_relatedlink\", plugin \"tx_hporelatedlink_pi1\"  \t--> \t<\/p>\n<div> \t\t \t<\/div>\n<p> \t \t<!-- END: Content of extension \"hpo_relatedlink\", plugin \"tx_hporelatedlink_pi1\" -->  \t<\/div>\n<p> \t<!--  CONTENT ELEMENT, uid:11897\/textpic [end] --> \t\t<!--TYPO3SEARCH_end--> <\/div>\n","protected":false},"excerpt":{"rendered":"<p>Depuis 2011, l&#8217;ICOM accorde son patronage \u00e0 la Nuit europ\u00e9enne des mus\u00e9es, qui a lieu, tous les ans, le samedi le plus proche de la Journ\u00e9e internationale des mus\u00e9es. Cette ann\u00e9e,\u00a0les deux \u00e9v\u00e8nements co\u00efncident, puisque la Nuit europ\u00e9enne des mus\u00e9es aura lieu en m\u00eame temps que la Journ\u00e9e internationale des mus\u00e9es, dans la nuit du [&hellip;]<\/p>\n","protected":false},"author":1,"featured_media":0,"parent":134,"menu_order":0,"comment_status":"closed","ping_status":"closed","template":"","meta":{"footnotes":""},"yst_prominent_words":[],"acf":[],"_links":{"self":[{"href":"https:\/\/imd2014.mini.icom.museum\/fr\/wp-json\/wp\/v2\/pages\/1064"}],"collection":[{"href":"https:\/\/imd2014.mini.icom.museum\/fr\/wp-json\/wp\/v2\/pages"}],"about":[{"href":"https:\/\/imd2014.mini.icom.museum\/fr\/wp-json\/wp\/v2\/types\/page"}],"author":[{"embeddable":true,"href":"https:\/\/imd2014.mini.icom.museum\/fr\/wp-json\/wp\/v2\/users\/1"}],"replies":[{"embeddable":true,"href":"https:\/\/imd2014.mini.icom.museum\/fr\/wp-json\/wp\/v2\/comments?post=1064"}],"version-history":[{"count":1,"href":"https:\/\/imd2014.mini.icom.museum\/fr\/wp-json\/wp\/v2\/pages\/1064\/revisions"}],"predecessor-version":[{"id":1352,"href":"https:\/\/imd2014.mini.icom.museum\/fr\/wp-json\/wp\/v2\/pages\/1064\/revisions\/1352"}],"up":[{"embeddable":true,"href":"https:\/\/imd2014.mini.icom.museum\/fr\/wp-json\/wp\/v2\/pages\/134"}],"wp:attachment":[{"href":"https:\/\/imd2014.mini.icom.museum\/fr\/wp-json\/wp\/v2\/media?parent=1064"}],"wp:term":[{"taxonomy":"yst_prominent_words","embeddable":true,"href":"https:\/\/imd2014.mini.icom.museum\/fr\/wp-json\/wp\/v2\/yst_prominent_words?post=1064"}],"curies":[{"name":"wp","href":"https:\/\/api.w.org\/{rel}","templated":true}]}}