{"id":1076,"date":"2019-01-08T01:19:21","date_gmt":"2019-01-08T01:19:21","guid":{"rendered":"http:\/\/imd2014.icom.cust.oxymium.net\/imd-archives\/jim-2013\/"},"modified":"2019-01-08T01:21:40","modified_gmt":"2019-01-08T01:21:40","slug":"jim-2013","status":"publish","type":"page","link":"https:\/\/imd2014.mini.icom.museum\/fr\/imd-archives\/jim-2013\/","title":{"rendered":"JIM 2013"},"content":{"rendered":"<div id=\"RTE_CONTENT\"> <!--TYPO3SEARCH_begin--> \t<!--  CONTENT ELEMENT, uid:11920\/textpic [begin] --> \t\t<\/p>\n<div id=\"c11920\"> \t\t<!--  Image block: [begin] --> \t\t\t<\/p>\n<div>\n<div><img decoding=\"async\" src=\"http:\/\/imd2014.mini.icom.museum\/wp-content\/uploads\/sites\/51\/2019\/01\/imd2013_tri_big_08.jpg\" alt=\"\"><\/div>\n<div>\n<div> \t\t<!--  Text: [begin] --> \t\t\t<\/p>\n<p>Le th\u00e8me pour 2013 \u00e9t\u00e9 <b>Mus\u00e9es (m\u00e9moire + cr\u00e9ativit\u00e9) = progr\u00e8s social<\/b> <\/p>\n<p><a href=\"http:\/\/network.icom.museum\/international-museum-day-2013\/L\/2\/\" title=\"Opens external link in new window\" target=\"_blank\">IMD 2013 website\u00a0<\/a><\/p>\n<p> \t\t<!--  Text: [end] --> \t\t\t<\/div>\n<\/div><\/div>\n<div><!-- --><\/div>\n<p> \t\t<!--  Image block: [end] --> \t\t\t   \t<!--  \t\tBEGIN: Content of extension \"hpo_relatedlink\", plugin \"tx_hporelatedlink_pi1\"  \t--> \t<\/p>\n<div> \t\t \t<\/div>\n<p> \t \t<!-- END: Content of extension \"hpo_relatedlink\", plugin \"tx_hporelatedlink_pi1\" -->  \t<\/div>\n<p> \t<!--  CONTENT ELEMENT, uid:11920\/textpic [end] --> \t\t<!--TYPO3SEARCH_end--> <\/div>\n","protected":false},"excerpt":{"rendered":"<p>Le th\u00e8me pour 2013 \u00e9t\u00e9 Mus\u00e9es (m\u00e9moire + cr\u00e9ativit\u00e9) = progr\u00e8s social IMD 2013 website\u00a0<\/p>\n","protected":false},"author":1,"featured_media":0,"parent":137,"menu_order":0,"comment_status":"closed","ping_status":"closed","template":"","meta":{"footnotes":""},"yst_prominent_words":[],"acf":[],"_links":{"self":[{"href":"https:\/\/imd2014.mini.icom.museum\/fr\/wp-json\/wp\/v2\/pages\/1076"}],"collection":[{"href":"https:\/\/imd2014.mini.icom.museum\/fr\/wp-json\/wp\/v2\/pages"}],"about":[{"href":"https:\/\/imd2014.mini.icom.museum\/fr\/wp-json\/wp\/v2\/types\/page"}],"author":[{"embeddable":true,"href":"https:\/\/imd2014.mini.icom.museum\/fr\/wp-json\/wp\/v2\/users\/1"}],"replies":[{"embeddable":true,"href":"https:\/\/imd2014.mini.icom.museum\/fr\/wp-json\/wp\/v2\/comments?post=1076"}],"version-history":[{"count":1,"href":"https:\/\/imd2014.mini.icom.museum\/fr\/wp-json\/wp\/v2\/pages\/1076\/revisions"}],"predecessor-version":[{"id":1351,"href":"https:\/\/imd2014.mini.icom.museum\/fr\/wp-json\/wp\/v2\/pages\/1076\/revisions\/1351"}],"up":[{"embeddable":true,"href":"https:\/\/imd2014.mini.icom.museum\/fr\/wp-json\/wp\/v2\/pages\/137"}],"wp:attachment":[{"href":"https:\/\/imd2014.mini.icom.museum\/fr\/wp-json\/wp\/v2\/media?parent=1076"}],"wp:term":[{"taxonomy":"yst_prominent_words","embeddable":true,"href":"https:\/\/imd2014.mini.icom.museum\/fr\/wp-json\/wp\/v2\/yst_prominent_words?post=1076"}],"curies":[{"name":"wp","href":"https:\/\/api.w.org\/{rel}","templated":true}]}}