{"id":149,"date":"2019-01-08T01:13:26","date_gmt":"2019-01-08T01:13:26","guid":{"rendered":"http:\/\/imd2014.icom.cust.oxymium.net\/imd-2014\/le-theme-2014\/"},"modified":"2019-01-08T01:21:42","modified_gmt":"2019-01-08T01:21:42","slug":"le-theme-2014","status":"publish","type":"page","link":"https:\/\/imd2014.mini.icom.museum\/fr\/la-jim-2014\/le-theme-2014\/","title":{"rendered":"Le th\u00e8me 2014"},"content":{"rendered":"<div id=\"RTE_CONTENT\"> <!--TYPO3SEARCH_begin--> \t<!--  CONTENT ELEMENT, uid:11892\/textpic [begin] --> \t\t<\/p>\n<div id=\"c11892\"> \t\t<!--  Image block: [begin] --> \t\t\t<\/p>\n<div>\n<div><img decoding=\"async\" src=\"http:\/\/imd2014.mini.icom.museum\/wp-content\/uploads\/sites\/51\/2019\/01\/RTEmagicC_JIM-2014.jpg_12.jpg\" alt=\"\"><\/div>\n<div> \t\t<!--  Text: [begin] --> \t\t\t<\/p>\n<p>Le Comit\u00e9 consultatif de l\u2019ICOM propose chaque ann\u00e9e un th\u00e8me qui peut \u00eatre utilis\u00e9 par les mus\u00e9es pour valoriser leurs enjeux au sein de la soci\u00e9t\u00e9.\u00a0 <\/p>\n<p>Cette ann\u00e9e, le th\u00e8me propos\u00e9 est :<b> Les liens cr\u00e9\u00e9s par les collections des mus\u00e9es<\/b> <\/p>\n<p>Ce th\u00e8me rappelle que les mus\u00e9es sont des institutions vivantes qui permettent de tisser des liens entre les visiteurs, les g\u00e9n\u00e9rations et les cultures du monde.\u00a0 <\/p>\n<p>Ce th\u00e8me met \u00e9galement\u00a0l\u2019accent sur les collaborations qui existent entre les mus\u00e9es du monde entier et leur importance pour les \u00e9changes culturels et la connaissance des cultures du monde.\u00a0 <\/p>\n<p>Pour vous accompagner dans l\u2019organisation de l\u2019\u00e9v\u00e9nement et \u00e9tablir un lien avec le th\u00e8me, quatre\u00a0th\u00e9matiques vous sont propos\u00e9es afin de d\u00e9velopper votre programmation :\u00a0<\/p>\n<ul>\n<li>Concevoir un parcours de visite. Ce th\u00e8me rappelle qu\u2019une exposition est constitu\u00e9e d\u2019objets mus\u00e9aux : le mus\u00e9e interpr\u00e8te les liens historiques et scientifiques qui existent entre ces objets gr\u00e2ce \u00e0 un parcours de visite con\u00e7u pour \u00ab raconter une histoire \u00bb.<\/li>\n<\/ul>\n<ul>\n<li>Un lien interg\u00e9n\u00e9rationnel. Les mus\u00e9es entretiennent et font vivre la relation entre une communaut\u00e9 et son histoire. Ils repr\u00e9sentent des espaces de dialogue entre les g\u00e9n\u00e9rations.<\/li>\n<\/ul>\n<ul>\n<li>Pr\u00e9senter le patrimoine de mani\u00e8re moderne. Les mus\u00e9es ont su rapidement saisir les opportunit\u00e9s de communication et de m\u00e9diation associ\u00e9es aux nouveaux m\u00e9dias et sont d\u00e9sormais en mesure d\u2019\u00e9changer avec un public large et impliqu\u00e9.<\/li>\n<\/ul>\n<ul>\n<li>Les collaborations entre institutions mus\u00e9ales ou avec d\u2019autres organisations. Echanger\u00a0sur des collections\u00a0mais aussi les exp\u00e9riences entre mus\u00e9es permet d\u2019accro\u00eetre la connaissance et de valoriser les \u00e9changes culturels. Des partenariats avec d\u2019autres structures, culturelles ou non, peuvent \u00e9galement contribuer \u00e0 la mission du mus\u00e9e.<\/li>\n<\/ul>\n<p>\u00a0<\/p>\n<p>\u00a0<\/p>\n<p>\u00a0<\/p>\n<p>\u00a0<\/p>\n<div><\/div>\n<div><\/div>\n<div><\/div>\n<div><\/div>\n<p> \t\t<!--  Text: [end] --> \t\t\t<\/div>\n<\/p><\/div>\n<div><!-- --><\/div>\n<p> \t\t<!--  Image block: [end] --> \t\t\t   \t<!--  \t\tBEGIN: Content of extension \"hpo_relatedlink\", plugin \"tx_hporelatedlink_pi1\"  \t--> \t<\/p>\n<div> \t\t \t<\/div>\n<p> \t \t<!-- END: Content of extension \"hpo_relatedlink\", plugin \"tx_hporelatedlink_pi1\" -->  \t<\/div>\n<p> \t<!--  CONTENT ELEMENT, uid:11892\/textpic [end] --> \t\t<!--TYPO3SEARCH_end--> <\/div>\n","protected":false},"excerpt":{"rendered":"<p>Le Comit\u00e9 consultatif de l\u2019ICOM propose chaque ann\u00e9e un th\u00e8me qui peut \u00eatre utilis\u00e9 par les mus\u00e9es pour valoriser leurs enjeux au sein de la soci\u00e9t\u00e9.\u00a0 Cette ann\u00e9e, le th\u00e8me propos\u00e9 est : Les liens cr\u00e9\u00e9s par les collections des mus\u00e9es Ce th\u00e8me rappelle que les mus\u00e9es sont des institutions vivantes qui permettent de tisser [&hellip;]<\/p>\n","protected":false},"author":1,"featured_media":0,"parent":125,"menu_order":0,"comment_status":"closed","ping_status":"closed","template":"","meta":{"footnotes":""},"yst_prominent_words":[],"acf":[],"_links":{"self":[{"href":"https:\/\/imd2014.mini.icom.museum\/fr\/wp-json\/wp\/v2\/pages\/149"}],"collection":[{"href":"https:\/\/imd2014.mini.icom.museum\/fr\/wp-json\/wp\/v2\/pages"}],"about":[{"href":"https:\/\/imd2014.mini.icom.museum\/fr\/wp-json\/wp\/v2\/types\/page"}],"author":[{"embeddable":true,"href":"https:\/\/imd2014.mini.icom.museum\/fr\/wp-json\/wp\/v2\/users\/1"}],"replies":[{"embeddable":true,"href":"https:\/\/imd2014.mini.icom.museum\/fr\/wp-json\/wp\/v2\/comments?post=149"}],"version-history":[{"count":1,"href":"https:\/\/imd2014.mini.icom.museum\/fr\/wp-json\/wp\/v2\/pages\/149\/revisions"}],"predecessor-version":[{"id":1358,"href":"https:\/\/imd2014.mini.icom.museum\/fr\/wp-json\/wp\/v2\/pages\/149\/revisions\/1358"}],"up":[{"embeddable":true,"href":"https:\/\/imd2014.mini.icom.museum\/fr\/wp-json\/wp\/v2\/pages\/125"}],"wp:attachment":[{"href":"https:\/\/imd2014.mini.icom.museum\/fr\/wp-json\/wp\/v2\/media?parent=149"}],"wp:term":[{"taxonomy":"yst_prominent_words","embeddable":true,"href":"https:\/\/imd2014.mini.icom.museum\/fr\/wp-json\/wp\/v2\/yst_prominent_words?post=149"}],"curies":[{"name":"wp","href":"https:\/\/api.w.org\/{rel}","templated":true}]}}