{"id":155,"date":"2019-01-08T01:13:34","date_gmt":"2019-01-08T01:13:34","guid":{"rendered":"http:\/\/imd2014.icom.cust.oxymium.net\/practical-info\/visiteurs\/"},"modified":"2019-01-08T01:21:41","modified_gmt":"2019-01-08T01:21:41","slug":"visiteurs","status":"publish","type":"page","link":"https:\/\/imd2014.mini.icom.museum\/fr\/infos-pratiques\/visiteurs\/","title":{"rendered":"Visiteurs"},"content":{"rendered":"<div id=\"RTE_CONTENT\"> <!--TYPO3SEARCH_begin--> \t<!--  CONTENT ELEMENT, uid:12053\/textpic [begin] --> \t\t<\/p>\n<div id=\"c12053\"> \t\t<!--  Image block: [begin] --> \t\t\t<\/p>\n<div> \t\t<!--  Text: [begin] --> \t\t\t<\/p>\n<p>La Journ\u00e9e Internationale des mus\u00e9es est organis\u00e9e par pr\u00e8s de 35 000 mus\u00e9es dans 143 pays dans le monde. Il y a donc de grandes chances pour qu\u2019elle soit c\u00e9l\u00e9br\u00e9e pr\u00e8s de chez vous! <\/p>\n<p>\u00a0<\/p>\n<p> \t\t<!--  Text: [end] --> \t\t\t<\/div>\n<p> \t\t<!--  Image block: [end] --> \t\t\t   \t<!--  \t\tBEGIN: Content of extension \"hpo_relatedlink\", plugin \"tx_hporelatedlink_pi1\"  \t--> \t<\/p>\n<div> \t\t \t<\/div>\n<p> \t \t<!-- END: Content of extension \"hpo_relatedlink\", plugin \"tx_hporelatedlink_pi1\" -->  \t<\/div>\n<p> \t<!--  CONTENT ELEMENT, uid:12053\/textpic [end] --> \t\t \t<!--  CONTENT ELEMENT, uid:12771\/html [begin] --> \t\t<\/p>\n<div id=\"c12771\"> \t\t<!--  Raw HTML content: [begin] --> \t\t\t<iframe src=\"https:\/\/mapsengine.google.com\/map\/embed?mid=z7lWgA2YHKxo.k3zvmbAMoqzI\"><\/iframe> \t\t<!--  Raw HTML content: [end] --> \t\t\t<\/div>\n<p> \t<!--  CONTENT ELEMENT, uid:12771\/html [end] --> \t\t<!--TYPO3SEARCH_end--> <\/div>\n","protected":false},"excerpt":{"rendered":"<p>La Journ\u00e9e Internationale des mus\u00e9es est organis\u00e9e par pr\u00e8s de 35 000 mus\u00e9es dans 143 pays dans le monde. Il y a donc de grandes chances pour qu\u2019elle soit c\u00e9l\u00e9br\u00e9e pr\u00e8s de chez vous! \u00a0<\/p>\n","protected":false},"author":1,"featured_media":0,"parent":131,"menu_order":0,"comment_status":"closed","ping_status":"closed","template":"","meta":{"footnotes":""},"yst_prominent_words":[],"acf":[],"_links":{"self":[{"href":"https:\/\/imd2014.mini.icom.museum\/fr\/wp-json\/wp\/v2\/pages\/155"}],"collection":[{"href":"https:\/\/imd2014.mini.icom.museum\/fr\/wp-json\/wp\/v2\/pages"}],"about":[{"href":"https:\/\/imd2014.mini.icom.museum\/fr\/wp-json\/wp\/v2\/types\/page"}],"author":[{"embeddable":true,"href":"https:\/\/imd2014.mini.icom.museum\/fr\/wp-json\/wp\/v2\/users\/1"}],"replies":[{"embeddable":true,"href":"https:\/\/imd2014.mini.icom.museum\/fr\/wp-json\/wp\/v2\/comments?post=155"}],"version-history":[{"count":1,"href":"https:\/\/imd2014.mini.icom.museum\/fr\/wp-json\/wp\/v2\/pages\/155\/revisions"}],"predecessor-version":[{"id":1356,"href":"https:\/\/imd2014.mini.icom.museum\/fr\/wp-json\/wp\/v2\/pages\/155\/revisions\/1356"}],"up":[{"embeddable":true,"href":"https:\/\/imd2014.mini.icom.museum\/fr\/wp-json\/wp\/v2\/pages\/131"}],"wp:attachment":[{"href":"https:\/\/imd2014.mini.icom.museum\/fr\/wp-json\/wp\/v2\/media?parent=155"}],"wp:term":[{"taxonomy":"yst_prominent_words","embeddable":true,"href":"https:\/\/imd2014.mini.icom.museum\/fr\/wp-json\/wp\/v2\/yst_prominent_words?post=155"}],"curies":[{"name":"wp","href":"https:\/\/api.w.org\/{rel}","templated":true}]}}